{"id":44,"date":"2017-02-14T22:48:37","date_gmt":"2017-02-14T22:48:37","guid":{"rendered":"http:\/\/www.tentamus.com\/de\/?page_id=44"},"modified":"2018-07-17T14:58:24","modified_gmt":"2018-07-17T14:58:24","slug":"impressum","status":"publish","type":"page","link":"https:\/\/www.tentacontrol.de\/en\/impressum\/","title":{"rendered":"Impressum"},"content":{"rendered":"<!-- tailor:tailor_section:5b4e041014eef -->\n<div  class=\"tailor-element tailor-section tailor-5b4e041014eef\">\n<div class=\"tailor-section__content\"><!-- tailor:tailor_box:5b4e041014eeg -->\n<div  class=\"tailor-element tailor-box tailor-box--icon tailor-5b4e041014eeg\">\n<div class=\"tailor-box__content\"><!-- tailor:tailor_content:5b4e041014eeh -->\n<div  class=\"tailor-element tailor-content postwrap  tailor-5b4e041014eeh\">\n<h1>Impressum<\/h1>\n<p>\u00a0<\/p>\n<p><strong>Tentacontol GmbH <br \/><\/strong>Sternstra\u00dfe 108<br \/>20357 Hamburg<\/p>\n<p>Tel.: 040 \/ 378671-0<br \/>Fax: 040 \/ 378671-99<br \/>E-Mail: <a href=\"mailto:info@tentacontrol.de\">info@tentacontrol.de<\/a><\/p>\n<p><strong>Gesch\u00e4ftsf\u00fchrer:<\/strong> Christoph von Bismarck<\/p>\n<p><strong>Handelsregister:<\/strong> <br \/>Amtsgericht Hamburg HRB 89481<\/p>\n<p><strong>Umsatzsteuer-Identifikationsnummer (Ust-IdNr.):<\/strong> <br \/>DE 811734399<\/p>\n<p>Verantwortlicher gem\u00e4\u00df \u00a7 55 Abs. 2 RStV \/ Telemediengesetz (TMG): Christoph von Bismarck<\/p>\n<p>F\u00fcr jedwede Fragen zur Webseite und deren Inhalt, kontaktieren Sie uns bitte unter der nachstehenden E-\u00a0Mail-Adresse:\u00a0<a href=\"mailto:info@tentacontrol.de\">info@tentacontrol.de<\/a><\/p>\n<p><strong>Haftungsbeschr\u00e4nkung eigene Inhalte<\/strong><\/p>\n<p>Die Inhalte der Tentacontrol Webseite wurden mit gr\u00f6\u00dfter Sorgfalt erstellt. Trotzdem kann Tentacontrol f\u00fcr die Aktualit\u00e4t, Vollst\u00e4ndigkeit und Richtigkeit s\u00e4mtlicher Seiten keine Gew\u00e4hr \u00fcbernehmen. Tentacontrol ist als Dienstleister f\u00fcr eigene Inhalte auf diesen Seiten gem\u00e4\u00df \u00a7 7 Absatz 1 Telemediengesetz nach den allgemeinen Gesetzen verantwortlich. Tentacontrol ist gem\u00e4\u00df \u00a7\u00a7 8, 9 und 10 Telemediengesetz nicht zur \u00dcberwachung \u00fcbermittelter oder gespeicherter Informationen verpflichtet. Sobald Tentacontrol Kenntnis einer konkreten Rechtsverletzung erlangt, entfernt Tentacontrol diese Inhalte umgehend. Tentacontrol kann eine Haftung bez\u00fcglich einer konkreten Rechtsverletzung daher erst ab Zeitpunkt der Kenntnis \u00fcbernehmen.<\/p>\n<p><strong>Haftungsbeschr\u00e4nkung externe Links<\/strong><\/p>\n<p>Fremde Inhalte auf Webseiten Dritter, welche \u00fcber Links von dieser Tentacontrol Webseite erreicht werden k\u00f6nnen, eignet Tentacontrol sich nicht an. Tentacontrol\u00a0hat auf deren Inhalt keinen Einfluss und kann daher f\u00fcr die fremden Inhalte keine Gew\u00e4hr \u00fcbernehmen. F\u00fcr die Inhalte und die Richtigkeit der Informationen ist der Anbieter der jeweiligen Informationen der verlinkten Webseiten verantwortlich. F\u00fcr Tentacontrol waren zum Zeitpunkt der Verlinkung keine Rechtsverst\u00f6\u00dfe ersichtlich. Sollten Tentacontrol jedoch Rechtsverst\u00f6\u00dfe bekannt werden, wird der Link, welcher auf die betroffene Webseite Dritter verlinkt, umgehend entfernt.<strong>\u00a0<\/strong><\/p>\n<p><strong>Urheberrecht<br \/><\/strong>Auf der Tentacontrol Webseite ver\u00f6ffentlichte Inhalte und Werke unterliegen dem Schutz des Urheberrechts. Jede Vervielf\u00e4ltigung, Bearbeitung oder Verbreitung ist ohne vorherige schriftliche Zustimmung des jeweiligen Urhebers untersagt.<\/p>\n<p>Wir weisen darauf hin, dass die Daten\u00fcbertragung im Internet (z.B. bei der Kommunikation per E-Mail) Sicherheitsl\u00fccken aufweisen kann. Ein l\u00fcckenloser Schutz der Daten vor dem Zugriff durch Dritte ist nicht m\u00f6glich.<\/p>\n<p>Der Nutzung von im Rahmen der Impressumspflicht ver\u00f6ffentlichten Kontaktdaten durch Dritte zur \u00dcbersendung von nicht ausdr\u00fccklich angeforderter Werbung und Informationsmaterialien wird hiermit ausdr\u00fccklich widersprochen. Die Betreiber der Seiten behalten sich ausdr\u00fccklich rechtliche Schritte im Falle der unverlangten Zusendung von Werbeinformationen, etwa durch Spam-Mails, vor.<\/p>\n<\/div>\n<!-- \/tailor:tailor_content:5b4e041014eeh --><\/div>\n<\/div>\n<!-- \/tailor:tailor_box:5b4e041014eeg --><\/div>\n<\/div>\n<!-- \/tailor:tailor_section:5b4e041014eef -->\n","protected":false},"excerpt":{"rendered":"<p>Impressum \u00a0 Tentacontol GmbH Sternstra\u00dfe 10820357 Hamburg Tel.: 040 \/ 378671-0Fax: 040 \/ 378671-99E-Mail: info@tentacontrol.de Gesch\u00e4ftsf\u00fchrer: Christoph von Bismarck Handelsregister: Amtsgericht Hamburg HRB 89481 Umsatzsteuer-Identifikationsnummer (Ust-IdNr.): DE 811734399 Verantwortlicher gem\u00e4\u00df \u00a7 55 Abs. 2 RStV \/ Telemediengesetz (TMG): Christoph von Bismarck F\u00fcr jedwede Fragen zur Webseite und deren Inhalt, kontaktieren Sie uns bitte unter der<\/p>\n","protected":false},"author":1,"featured_media":0,"parent":0,"menu_order":0,"comment_status":"closed","ping_status":"closed","template":"","meta":{"inline_featured_image":false},"acf":false,"_links":{"self":[{"href":"https:\/\/www.tentacontrol.de\/en\/wp-json\/wp\/v2\/pages\/44"}],"collection":[{"href":"https:\/\/www.tentacontrol.de\/en\/wp-json\/wp\/v2\/pages"}],"about":[{"href":"https:\/\/www.tentacontrol.de\/en\/wp-json\/wp\/v2\/types\/page"}],"author":[{"embeddable":true,"href":"https:\/\/www.tentacontrol.de\/en\/wp-json\/wp\/v2\/users\/1"}],"replies":[{"embeddable":true,"href":"https:\/\/www.tentacontrol.de\/en\/wp-json\/wp\/v2\/comments?post=44"}],"version-history":[{"count":16,"href":"https:\/\/www.tentacontrol.de\/en\/wp-json\/wp\/v2\/pages\/44\/revisions"}],"predecessor-version":[{"id":911,"href":"https:\/\/www.tentacontrol.de\/en\/wp-json\/wp\/v2\/pages\/44\/revisions\/911"}],"wp:attachment":[{"href":"https:\/\/www.tentacontrol.de\/en\/wp-json\/wp\/v2\/media?parent=44"}],"curies":[{"name":"wp","href":"https:\/\/api.w.org\/{rel}","templated":true}]}}